{"id":2266,"date":"2023-03-09T16:10:05","date_gmt":"2023-03-09T15:10:05","guid":{"rendered":"https:\/\/nuria.kuko-ev.de\/2266-2\/"},"modified":"2024-02-08T16:39:29","modified_gmt":"2024-02-08T15:39:29","slug":"2266-2","status":"publish","type":"page","link":"https:\/\/nuria.kuko-ev.de\/en\/2266-2\/","title":{"rendered":"Thank you"},"content":{"rendered":"\t\t<div data-elementor-type=\"wp-page\" data-elementor-id=\"2266\" class=\"elementor elementor-2266 elementor-1840\" data-elementor-post-type=\"page\">\n\t\t\t\t\t\t<section class=\"elementor-section elementor-top-section elementor-element elementor-element-2dccc5c8 elementor-section-boxed elementor-section-height-default elementor-section-height-default\" data-id=\"2dccc5c8\" data-element_type=\"section\">\n\t\t\t\t\t\t<div class=\"elementor-container elementor-column-gap-default\">\n\t\t\t\t\t<div class=\"elementor-column elementor-col-100 elementor-top-column elementor-element elementor-element-7f0a7265\" data-id=\"7f0a7265\" data-element_type=\"column\">\n\t\t\t<div class=\"elementor-widget-wrap elementor-element-populated\">\n\t\t\t\t\t\t<div class=\"elementor-element elementor-element-1185f93e elementor-widget elementor-widget-text-editor\" data-id=\"1185f93e\" data-element_type=\"widget\" data-widget_type=\"text-editor.default\">\n\t\t\t\t<div class=\"elementor-widget-container\">\n\t\t\t\t\t\t\t\t\t<p><\/p>\n<h1 style=\"text-align: center;\">Thank you for your registration!<\/h1>\n<p><\/p>\t\t\t\t\t\t\t\t<\/div>\n\t\t\t\t<\/div>\n\t\t\t\t\t<\/div>\n\t\t<\/div>\n\t\t\t\t\t<\/div>\n\t\t<\/section>\n\t\t\t\t<section class=\"elementor-section elementor-top-section elementor-element elementor-element-74056e2 elementor-section-boxed elementor-section-height-default elementor-section-height-default\" data-id=\"74056e2\" data-element_type=\"section\">\n\t\t\t\t\t\t<div class=\"elementor-container elementor-column-gap-default\">\n\t\t\t\t\t<div class=\"elementor-column elementor-col-100 elementor-top-column elementor-element elementor-element-e567b91\" data-id=\"e567b91\" data-element_type=\"column\">\n\t\t\t<div class=\"elementor-widget-wrap elementor-element-populated\">\n\t\t\t\t\t\t<div class=\"elementor-element elementor-element-e74029f elementor-view-default elementor-widget elementor-widget-icon\" data-id=\"e74029f\" data-element_type=\"widget\" data-widget_type=\"icon.default\">\n\t\t\t\t<div class=\"elementor-widget-container\">\n\t\t\t\t\t\t\t<div class=\"elementor-icon-wrapper\">\n\t\t\t<div class=\"elementor-icon\">\n\t\t\t<i aria-hidden=\"true\" class=\"fas fa-heart\"><\/i>\t\t\t<\/div>\n\t\t<\/div>\n\t\t\t\t\t\t<\/div>\n\t\t\t\t<\/div>\n\t\t\t\t\t<\/div>\n\t\t<\/div>\n\t\t\t\t\t<\/div>\n\t\t<\/section>\n\t\t\t\t<section class=\"elementor-section elementor-top-section elementor-element elementor-element-c267a96 elementor-section-boxed elementor-section-height-default elementor-section-height-default\" data-id=\"c267a96\" data-element_type=\"section\">\n\t\t\t\t\t\t<div class=\"elementor-container elementor-column-gap-default\">\n\t\t\t\t\t<div class=\"elementor-column elementor-col-100 elementor-top-column elementor-element elementor-element-ce91285\" data-id=\"ce91285\" data-element_type=\"column\">\n\t\t\t<div class=\"elementor-widget-wrap elementor-element-populated\">\n\t\t\t\t\t\t<div class=\"elementor-element elementor-element-43dc3c3 elementor-widget elementor-widget-text-editor\" data-id=\"43dc3c3\" data-element_type=\"widget\" data-widget_type=\"text-editor.default\">\n\t\t\t\t<div class=\"elementor-widget-container\">\n\t\t\t\t\t\t\t\t\t<p style=\"text-align: center;\">If you have any questions, please contact us:<\/p>\n<p style=\"text-align: center;\">nuria@kuko-ev.de<\/p>\t\t\t\t\t\t\t\t<\/div>\n\t\t\t\t<\/div>\n\t\t\t\t\t<\/div>\n\t\t<\/div>\n\t\t\t\t\t<\/div>\n\t\t<\/section>\n\t\t\t\t<\/div>\n\t\t","protected":false},"excerpt":{"rendered":"<p>Thank you for your registration! If you have any questions, please contact us: nuria@kuko-ev.de<\/p>\n","protected":false},"author":1,"featured_media":0,"parent":0,"menu_order":0,"comment_status":"closed","ping_status":"closed","template":"","meta":{"_themeisle_gutenberg_block_has_review":false,"footnotes":"","_wp_rev_ctl_limit":""},"class_list":["post-2266","page","type-page","status-publish","hentry"],"yoast_head":"<!-- This site is optimized with the Yoast SEO plugin v25.5 - https:\/\/yoast.com\/wordpress\/plugins\/seo\/ -->\n<title>Thank you - NURIA Kunstausstellung<\/title>\n<meta name=\"description\" content=\"Das im Jahr 2020 neu gestartete Projekt NURIA, organisiert eine Kunstaustellung f\u00fcr Hobby- und Profik\u00fcnstler*innen aus Ilmenau und Umgebung. So sollen Talente und Kunstschaffende die Chance haben ihre Werke der \u00d6ffentlichkeit zu pr\u00e4sentieren und im entspannten Rahmenteam nuriaDas Team Nuriagemeinsam in den Dialog zu treten. Die erste NURIA Kunstaustellung besteht aus einem dreit\u00e4gigen Event und findet im neuen Festhalle Ilmenau | Kultur- und Kongresszentrum statt.\" \/>\n<meta name=\"robots\" content=\"index, follow, max-snippet:-1, max-image-preview:large, max-video-preview:-1\" \/>\n<link rel=\"canonical\" href=\"https:\/\/nuria.kuko-ev.de\/en\/2266-2\/\" \/>\n<meta property=\"og:locale\" content=\"en_US\" \/>\n<meta property=\"og:type\" content=\"article\" \/>\n<meta property=\"og:title\" content=\"Thank you - NURIA Kunstausstellung\" \/>\n<meta property=\"og:description\" content=\"Das im Jahr 2020 neu gestartete Projekt NURIA, organisiert eine Kunstaustellung f\u00fcr Hobby- und Profik\u00fcnstler*innen aus Ilmenau und Umgebung. So sollen Talente und Kunstschaffende die Chance haben ihre Werke der \u00d6ffentlichkeit zu pr\u00e4sentieren und im entspannten Rahmenteam nuriaDas Team Nuriagemeinsam in den Dialog zu treten. Die erste NURIA Kunstaustellung besteht aus einem dreit\u00e4gigen Event und findet im neuen Festhalle Ilmenau | Kultur- und Kongresszentrum statt.\" \/>\n<meta property=\"og:url\" content=\"https:\/\/nuria.kuko-ev.de\/en\/2266-2\/\" \/>\n<meta property=\"og:site_name\" content=\"NURIA Kunstausstellung\" \/>\n<meta property=\"article:publisher\" content=\"https:\/\/www.facebook.com\/NURIA-Kunstausstellung-100878755285607\" \/>\n<meta property=\"article:modified_time\" content=\"2024-02-08T15:39:29+00:00\" \/>\n<meta property=\"og:image\" content=\"https:\/\/i0.wp.com\/nuria.kuko-ev.de\/wp-content\/uploads\/2021\/03\/cropped-cropped-NURIA-Logo-Gross.png?fit=512%2C512&ssl=1\" \/>\n\t<meta property=\"og:image:width\" content=\"512\" \/>\n\t<meta property=\"og:image:height\" content=\"512\" \/>\n\t<meta property=\"og:image:type\" content=\"image\/png\" \/>\n<meta name=\"twitter:card\" content=\"summary_large_image\" \/>\n<script type=\"application\/ld+json\" class=\"yoast-schema-graph\">{\"@context\":\"https:\/\/schema.org\",\"@graph\":[{\"@type\":\"WebPage\",\"@id\":\"https:\/\/nuria.kuko-ev.de\/en\/2266-2\/\",\"url\":\"https:\/\/nuria.kuko-ev.de\/en\/2266-2\/\",\"name\":\"Thank you - NURIA Kunstausstellung\",\"isPartOf\":{\"@id\":\"https:\/\/nuria.kuko-ev.de\/en\/#website\"},\"datePublished\":\"2023-03-09T15:10:05+00:00\",\"dateModified\":\"2024-02-08T15:39:29+00:00\",\"description\":\"Das im Jahr 2020 neu gestartete Projekt NURIA, organisiert eine Kunstaustellung f\u00fcr Hobby- und Profik\u00fcnstler*innen aus Ilmenau und Umgebung. So sollen Talente und Kunstschaffende die Chance haben ihre Werke der \u00d6ffentlichkeit zu pr\u00e4sentieren und im entspannten Rahmenteam nuriaDas Team Nuriagemeinsam in den Dialog zu treten. Die erste NURIA Kunstaustellung besteht aus einem dreit\u00e4gigen Event und findet im neuen Festhalle Ilmenau | Kultur- und Kongresszentrum statt.\",\"breadcrumb\":{\"@id\":\"https:\/\/nuria.kuko-ev.de\/en\/2266-2\/#breadcrumb\"},\"inLanguage\":\"en-US\",\"potentialAction\":[{\"@type\":\"ReadAction\",\"target\":[\"https:\/\/nuria.kuko-ev.de\/en\/2266-2\/\"]}]},{\"@type\":\"BreadcrumbList\",\"@id\":\"https:\/\/nuria.kuko-ev.de\/en\/2266-2\/#breadcrumb\",\"itemListElement\":[{\"@type\":\"ListItem\",\"position\":1,\"name\":\"Startseite\",\"item\":\"https:\/\/nuria.kuko-ev.de\/en\/home\/\"},{\"@type\":\"ListItem\",\"position\":2,\"name\":\"Thank you\"}]},{\"@type\":\"WebSite\",\"@id\":\"https:\/\/nuria.kuko-ev.de\/en\/#website\",\"url\":\"https:\/\/nuria.kuko-ev.de\/en\/\",\"name\":\"NURIA Kunstausstellung\",\"description\":\"Kulturelle Koordinierung e.V.\",\"publisher\":{\"@id\":\"https:\/\/nuria.kuko-ev.de\/en\/#organization\"},\"potentialAction\":[{\"@type\":\"SearchAction\",\"target\":{\"@type\":\"EntryPoint\",\"urlTemplate\":\"https:\/\/nuria.kuko-ev.de\/en\/?s={search_term_string}\"},\"query-input\":{\"@type\":\"PropertyValueSpecification\",\"valueRequired\":true,\"valueName\":\"search_term_string\"}}],\"inLanguage\":\"en-US\"},{\"@type\":\"Organization\",\"@id\":\"https:\/\/nuria.kuko-ev.de\/en\/#organization\",\"name\":\"NURIA\",\"url\":\"https:\/\/nuria.kuko-ev.de\/en\/\",\"logo\":{\"@type\":\"ImageObject\",\"inLanguage\":\"en-US\",\"@id\":\"https:\/\/nuria.kuko-ev.de\/en\/#\/schema\/logo\/image\/\",\"url\":\"https:\/\/i1.wp.com\/nuria.kuko-ev.de\/wp-content\/uploads\/2021\/03\/cropped-cropped-NURIA-Logo-Gross.png?fit=512%2C512&ssl=1\",\"contentUrl\":\"https:\/\/i1.wp.com\/nuria.kuko-ev.de\/wp-content\/uploads\/2021\/03\/cropped-cropped-NURIA-Logo-Gross.png?fit=512%2C512&ssl=1\",\"width\":512,\"height\":512,\"caption\":\"NURIA\"},\"image\":{\"@id\":\"https:\/\/nuria.kuko-ev.de\/en\/#\/schema\/logo\/image\/\"},\"sameAs\":[\"https:\/\/www.facebook.com\/NURIA-Kunstausstellung-100878755285607\",\"https:\/\/instagram.com\"]}]}<\/script>\n<!-- \/ Yoast SEO plugin. -->","yoast_head_json":{"title":"Thank you - NURIA Kunstausstellung","description":"Das im Jahr 2020 neu gestartete Projekt NURIA, organisiert eine Kunstaustellung f\u00fcr Hobby- und Profik\u00fcnstler*innen aus Ilmenau und Umgebung. So sollen Talente und Kunstschaffende die Chance haben ihre Werke der \u00d6ffentlichkeit zu pr\u00e4sentieren und im entspannten Rahmenteam nuriaDas Team Nuriagemeinsam in den Dialog zu treten. Die erste NURIA Kunstaustellung besteht aus einem dreit\u00e4gigen Event und findet im neuen Festhalle Ilmenau | Kultur- und Kongresszentrum statt.","robots":{"index":"index","follow":"follow","max-snippet":"max-snippet:-1","max-image-preview":"max-image-preview:large","max-video-preview":"max-video-preview:-1"},"canonical":"https:\/\/nuria.kuko-ev.de\/en\/2266-2\/","og_locale":"en_US","og_type":"article","og_title":"Thank you - NURIA Kunstausstellung","og_description":"Das im Jahr 2020 neu gestartete Projekt NURIA, organisiert eine Kunstaustellung f\u00fcr Hobby- und Profik\u00fcnstler*innen aus Ilmenau und Umgebung. So sollen Talente und Kunstschaffende die Chance haben ihre Werke der \u00d6ffentlichkeit zu pr\u00e4sentieren und im entspannten Rahmenteam nuriaDas Team Nuriagemeinsam in den Dialog zu treten. Die erste NURIA Kunstaustellung besteht aus einem dreit\u00e4gigen Event und findet im neuen Festhalle Ilmenau | Kultur- und Kongresszentrum statt.","og_url":"https:\/\/nuria.kuko-ev.de\/en\/2266-2\/","og_site_name":"NURIA Kunstausstellung","article_publisher":"https:\/\/www.facebook.com\/NURIA-Kunstausstellung-100878755285607","article_modified_time":"2024-02-08T15:39:29+00:00","og_image":[{"width":512,"height":512,"url":"https:\/\/i0.wp.com\/nuria.kuko-ev.de\/wp-content\/uploads\/2021\/03\/cropped-cropped-NURIA-Logo-Gross.png?fit=512%2C512&ssl=1","type":"image\/png"}],"twitter_card":"summary_large_image","schema":{"@context":"https:\/\/schema.org","@graph":[{"@type":"WebPage","@id":"https:\/\/nuria.kuko-ev.de\/en\/2266-2\/","url":"https:\/\/nuria.kuko-ev.de\/en\/2266-2\/","name":"Thank you - NURIA Kunstausstellung","isPartOf":{"@id":"https:\/\/nuria.kuko-ev.de\/en\/#website"},"datePublished":"2023-03-09T15:10:05+00:00","dateModified":"2024-02-08T15:39:29+00:00","description":"Das im Jahr 2020 neu gestartete Projekt NURIA, organisiert eine Kunstaustellung f\u00fcr Hobby- und Profik\u00fcnstler*innen aus Ilmenau und Umgebung. So sollen Talente und Kunstschaffende die Chance haben ihre Werke der \u00d6ffentlichkeit zu pr\u00e4sentieren und im entspannten Rahmenteam nuriaDas Team Nuriagemeinsam in den Dialog zu treten. Die erste NURIA Kunstaustellung besteht aus einem dreit\u00e4gigen Event und findet im neuen Festhalle Ilmenau | Kultur- und Kongresszentrum statt.","breadcrumb":{"@id":"https:\/\/nuria.kuko-ev.de\/en\/2266-2\/#breadcrumb"},"inLanguage":"en-US","potentialAction":[{"@type":"ReadAction","target":["https:\/\/nuria.kuko-ev.de\/en\/2266-2\/"]}]},{"@type":"BreadcrumbList","@id":"https:\/\/nuria.kuko-ev.de\/en\/2266-2\/#breadcrumb","itemListElement":[{"@type":"ListItem","position":1,"name":"Startseite","item":"https:\/\/nuria.kuko-ev.de\/en\/home\/"},{"@type":"ListItem","position":2,"name":"Thank you"}]},{"@type":"WebSite","@id":"https:\/\/nuria.kuko-ev.de\/en\/#website","url":"https:\/\/nuria.kuko-ev.de\/en\/","name":"NURIA Kunstausstellung","description":"Kulturelle Koordinierung e.V.","publisher":{"@id":"https:\/\/nuria.kuko-ev.de\/en\/#organization"},"potentialAction":[{"@type":"SearchAction","target":{"@type":"EntryPoint","urlTemplate":"https:\/\/nuria.kuko-ev.de\/en\/?s={search_term_string}"},"query-input":{"@type":"PropertyValueSpecification","valueRequired":true,"valueName":"search_term_string"}}],"inLanguage":"en-US"},{"@type":"Organization","@id":"https:\/\/nuria.kuko-ev.de\/en\/#organization","name":"NURIA","url":"https:\/\/nuria.kuko-ev.de\/en\/","logo":{"@type":"ImageObject","inLanguage":"en-US","@id":"https:\/\/nuria.kuko-ev.de\/en\/#\/schema\/logo\/image\/","url":"https:\/\/i1.wp.com\/nuria.kuko-ev.de\/wp-content\/uploads\/2021\/03\/cropped-cropped-NURIA-Logo-Gross.png?fit=512%2C512&ssl=1","contentUrl":"https:\/\/i1.wp.com\/nuria.kuko-ev.de\/wp-content\/uploads\/2021\/03\/cropped-cropped-NURIA-Logo-Gross.png?fit=512%2C512&ssl=1","width":512,"height":512,"caption":"NURIA"},"image":{"@id":"https:\/\/nuria.kuko-ev.de\/en\/#\/schema\/logo\/image\/"},"sameAs":["https:\/\/www.facebook.com\/NURIA-Kunstausstellung-100878755285607","https:\/\/instagram.com"]}]}},"jetpack_sharing_enabled":true,"_links":{"self":[{"href":"https:\/\/nuria.kuko-ev.de\/en\/wp-json\/wp\/v2\/pages\/2266","targetHints":{"allow":["GET"]}}],"collection":[{"href":"https:\/\/nuria.kuko-ev.de\/en\/wp-json\/wp\/v2\/pages"}],"about":[{"href":"https:\/\/nuria.kuko-ev.de\/en\/wp-json\/wp\/v2\/types\/page"}],"author":[{"embeddable":true,"href":"https:\/\/nuria.kuko-ev.de\/en\/wp-json\/wp\/v2\/users\/1"}],"replies":[{"embeddable":true,"href":"https:\/\/nuria.kuko-ev.de\/en\/wp-json\/wp\/v2\/comments?post=2266"}],"version-history":[{"count":3,"href":"https:\/\/nuria.kuko-ev.de\/en\/wp-json\/wp\/v2\/pages\/2266\/revisions"}],"predecessor-version":[{"id":2320,"href":"https:\/\/nuria.kuko-ev.de\/en\/wp-json\/wp\/v2\/pages\/2266\/revisions\/2320"}],"wp:attachment":[{"href":"https:\/\/nuria.kuko-ev.de\/en\/wp-json\/wp\/v2\/media?parent=2266"}],"curies":[{"name":"wp","href":"https:\/\/api.w.org\/{rel}","templated":true}]}}