{"id":1522,"date":"2022-06-07T09:40:22","date_gmt":"2022-06-07T07:40:22","guid":{"rendered":"https:\/\/nuria.kuko-ev.de\/program\/"},"modified":"2023-02-06T13:56:06","modified_gmt":"2023-02-06T12:56:06","slug":"program","status":"publish","type":"page","link":"https:\/\/nuria.kuko-ev.de\/en\/program\/","title":{"rendered":"program"},"content":{"rendered":"\n<div data-wp-interactive=\"core\/file\" class=\"wp-block-file\"><object data-wp-bind--hidden=\"!state.hasPdfPreview\" hidden class=\"wp-block-file__embed\" data=\"https:\/\/nuria.kuko-ev.de\/wp-content\/uploads\/2022\/06\/Programmheft-final.pdf\" type=\"application\/pdf\" style=\"width:100%;height:700px\" aria-label=\"Embed of Programmheft-final.\"><\/object><a id=\"wp-block-file--media-ae146269-a042-47fe-bb5e-84c592e2c024\" href=\"https:\/\/nuria.kuko-ev.de\/wp-content\/uploads\/2022\/06\/Programmheft-final.pdf\">Program booklet final<\/a><a href=\"https:\/\/nuria.kuko-ev.de\/wp-content\/uploads\/2022\/06\/Programmheft-final.pdf\" class=\"wp-block-file__button wp-element-button\" download=\"\" aria-describedby=\"wp-block-file--media-ae146269-a042-47fe-bb5e-84c592e2c024\">Download<\/a><\/div>\n","protected":false},"excerpt":{"rendered":"","protected":false},"author":2,"featured_media":0,"parent":0,"menu_order":-46,"comment_status":"closed","ping_status":"closed","template":"","meta":{"_themeisle_gutenberg_block_has_review":false,"footnotes":"","_wp_rev_ctl_limit":""},"class_list":["post-1522","page","type-page","status-publish","hentry"],"yoast_head":"<!-- This site is optimized with the Yoast SEO plugin v25.5 - https:\/\/yoast.com\/wordpress\/plugins\/seo\/ -->\n<title>program - NURIA Kunstausstellung<\/title>\n<meta name=\"description\" content=\"Das im Jahr 2020 neu gestartete Projekt NURIA, organisiert eine Kunstaustellung f\u00fcr Hobby- und Profik\u00fcnstler*innen aus Ilmenau und Umgebung. So sollen Talente und Kunstschaffende die Chance haben ihre Werke der \u00d6ffentlichkeit zu pr\u00e4sentieren und im entspannten Rahmenteam nuriaDas Team Nuriagemeinsam in den Dialog zu treten. Die erste NURIA Kunstaustellung besteht aus einem dreit\u00e4gigen Event und findet im neuen Festhalle Ilmenau | Kultur- und Kongresszentrum statt.\" \/>\n<meta name=\"robots\" content=\"index, follow, max-snippet:-1, max-image-preview:large, max-video-preview:-1\" \/>\n<link rel=\"canonical\" href=\"https:\/\/nuria.kuko-ev.de\/en\/program\/\" \/>\n<meta property=\"og:locale\" content=\"en_US\" \/>\n<meta property=\"og:type\" content=\"article\" \/>\n<meta property=\"og:title\" content=\"program - NURIA Kunstausstellung\" \/>\n<meta property=\"og:description\" content=\"Das im Jahr 2020 neu gestartete Projekt NURIA, organisiert eine Kunstaustellung f\u00fcr Hobby- und Profik\u00fcnstler*innen aus Ilmenau und Umgebung. So sollen Talente und Kunstschaffende die Chance haben ihre Werke der \u00d6ffentlichkeit zu pr\u00e4sentieren und im entspannten Rahmenteam nuriaDas Team Nuriagemeinsam in den Dialog zu treten. Die erste NURIA Kunstaustellung besteht aus einem dreit\u00e4gigen Event und findet im neuen Festhalle Ilmenau | Kultur- und Kongresszentrum statt.\" \/>\n<meta property=\"og:url\" content=\"https:\/\/nuria.kuko-ev.de\/en\/program\/\" \/>\n<meta property=\"og:site_name\" content=\"NURIA Kunstausstellung\" \/>\n<meta property=\"article:publisher\" content=\"https:\/\/www.facebook.com\/NURIA-Kunstausstellung-100878755285607\" \/>\n<meta property=\"article:modified_time\" content=\"2023-02-06T12:56:06+00:00\" \/>\n<meta property=\"og:image\" content=\"https:\/\/i0.wp.com\/nuria.kuko-ev.de\/wp-content\/uploads\/2021\/03\/cropped-cropped-NURIA-Logo-Gross.png?fit=512%2C512&ssl=1\" \/>\n\t<meta property=\"og:image:width\" content=\"512\" \/>\n\t<meta property=\"og:image:height\" content=\"512\" \/>\n\t<meta property=\"og:image:type\" content=\"image\/png\" \/>\n<meta name=\"twitter:card\" content=\"summary_large_image\" \/>\n<script type=\"application\/ld+json\" class=\"yoast-schema-graph\">{\"@context\":\"https:\/\/schema.org\",\"@graph\":[{\"@type\":\"WebPage\",\"@id\":\"https:\/\/nuria.kuko-ev.de\/en\/program\/\",\"url\":\"https:\/\/nuria.kuko-ev.de\/en\/program\/\",\"name\":\"program - NURIA Kunstausstellung\",\"isPartOf\":{\"@id\":\"https:\/\/nuria.kuko-ev.de\/en\/#website\"},\"datePublished\":\"2022-06-07T07:40:22+00:00\",\"dateModified\":\"2023-02-06T12:56:06+00:00\",\"description\":\"Das im Jahr 2020 neu gestartete Projekt NURIA, organisiert eine Kunstaustellung f\u00fcr Hobby- und Profik\u00fcnstler*innen aus Ilmenau und Umgebung. So sollen Talente und Kunstschaffende die Chance haben ihre Werke der \u00d6ffentlichkeit zu pr\u00e4sentieren und im entspannten Rahmenteam nuriaDas Team Nuriagemeinsam in den Dialog zu treten. Die erste NURIA Kunstaustellung besteht aus einem dreit\u00e4gigen Event und findet im neuen Festhalle Ilmenau | Kultur- und Kongresszentrum statt.\",\"breadcrumb\":{\"@id\":\"https:\/\/nuria.kuko-ev.de\/en\/program\/#breadcrumb\"},\"inLanguage\":\"en-US\",\"potentialAction\":[{\"@type\":\"ReadAction\",\"target\":[\"https:\/\/nuria.kuko-ev.de\/en\/program\/\"]}]},{\"@type\":\"BreadcrumbList\",\"@id\":\"https:\/\/nuria.kuko-ev.de\/en\/program\/#breadcrumb\",\"itemListElement\":[{\"@type\":\"ListItem\",\"position\":1,\"name\":\"Startseite\",\"item\":\"https:\/\/nuria.kuko-ev.de\/en\/home\/\"},{\"@type\":\"ListItem\",\"position\":2,\"name\":\"program\"}]},{\"@type\":\"WebSite\",\"@id\":\"https:\/\/nuria.kuko-ev.de\/en\/#website\",\"url\":\"https:\/\/nuria.kuko-ev.de\/en\/\",\"name\":\"NURIA Kunstausstellung\",\"description\":\"Kulturelle Koordinierung e.V.\",\"publisher\":{\"@id\":\"https:\/\/nuria.kuko-ev.de\/en\/#organization\"},\"potentialAction\":[{\"@type\":\"SearchAction\",\"target\":{\"@type\":\"EntryPoint\",\"urlTemplate\":\"https:\/\/nuria.kuko-ev.de\/en\/?s={search_term_string}\"},\"query-input\":{\"@type\":\"PropertyValueSpecification\",\"valueRequired\":true,\"valueName\":\"search_term_string\"}}],\"inLanguage\":\"en-US\"},{\"@type\":\"Organization\",\"@id\":\"https:\/\/nuria.kuko-ev.de\/en\/#organization\",\"name\":\"NURIA\",\"url\":\"https:\/\/nuria.kuko-ev.de\/en\/\",\"logo\":{\"@type\":\"ImageObject\",\"inLanguage\":\"en-US\",\"@id\":\"https:\/\/nuria.kuko-ev.de\/en\/#\/schema\/logo\/image\/\",\"url\":\"https:\/\/i1.wp.com\/nuria.kuko-ev.de\/wp-content\/uploads\/2021\/03\/cropped-cropped-NURIA-Logo-Gross.png?fit=512%2C512&ssl=1\",\"contentUrl\":\"https:\/\/i1.wp.com\/nuria.kuko-ev.de\/wp-content\/uploads\/2021\/03\/cropped-cropped-NURIA-Logo-Gross.png?fit=512%2C512&ssl=1\",\"width\":512,\"height\":512,\"caption\":\"NURIA\"},\"image\":{\"@id\":\"https:\/\/nuria.kuko-ev.de\/en\/#\/schema\/logo\/image\/\"},\"sameAs\":[\"https:\/\/www.facebook.com\/NURIA-Kunstausstellung-100878755285607\",\"https:\/\/instagram.com\"]}]}<\/script>\n<!-- \/ Yoast SEO plugin. -->","yoast_head_json":{"title":"program - NURIA Kunstausstellung","description":"Das im Jahr 2020 neu gestartete Projekt NURIA, organisiert eine Kunstaustellung f\u00fcr Hobby- und Profik\u00fcnstler*innen aus Ilmenau und Umgebung. So sollen Talente und Kunstschaffende die Chance haben ihre Werke der \u00d6ffentlichkeit zu pr\u00e4sentieren und im entspannten Rahmenteam nuriaDas Team Nuriagemeinsam in den Dialog zu treten. Die erste NURIA Kunstaustellung besteht aus einem dreit\u00e4gigen Event und findet im neuen Festhalle Ilmenau | Kultur- und Kongresszentrum statt.","robots":{"index":"index","follow":"follow","max-snippet":"max-snippet:-1","max-image-preview":"max-image-preview:large","max-video-preview":"max-video-preview:-1"},"canonical":"https:\/\/nuria.kuko-ev.de\/en\/program\/","og_locale":"en_US","og_type":"article","og_title":"program - NURIA Kunstausstellung","og_description":"Das im Jahr 2020 neu gestartete Projekt NURIA, organisiert eine Kunstaustellung f\u00fcr Hobby- und Profik\u00fcnstler*innen aus Ilmenau und Umgebung. So sollen Talente und Kunstschaffende die Chance haben ihre Werke der \u00d6ffentlichkeit zu pr\u00e4sentieren und im entspannten Rahmenteam nuriaDas Team Nuriagemeinsam in den Dialog zu treten. Die erste NURIA Kunstaustellung besteht aus einem dreit\u00e4gigen Event und findet im neuen Festhalle Ilmenau | Kultur- und Kongresszentrum statt.","og_url":"https:\/\/nuria.kuko-ev.de\/en\/program\/","og_site_name":"NURIA Kunstausstellung","article_publisher":"https:\/\/www.facebook.com\/NURIA-Kunstausstellung-100878755285607","article_modified_time":"2023-02-06T12:56:06+00:00","og_image":[{"width":512,"height":512,"url":"https:\/\/i0.wp.com\/nuria.kuko-ev.de\/wp-content\/uploads\/2021\/03\/cropped-cropped-NURIA-Logo-Gross.png?fit=512%2C512&ssl=1","type":"image\/png"}],"twitter_card":"summary_large_image","schema":{"@context":"https:\/\/schema.org","@graph":[{"@type":"WebPage","@id":"https:\/\/nuria.kuko-ev.de\/en\/program\/","url":"https:\/\/nuria.kuko-ev.de\/en\/program\/","name":"program - NURIA Kunstausstellung","isPartOf":{"@id":"https:\/\/nuria.kuko-ev.de\/en\/#website"},"datePublished":"2022-06-07T07:40:22+00:00","dateModified":"2023-02-06T12:56:06+00:00","description":"Das im Jahr 2020 neu gestartete Projekt NURIA, organisiert eine Kunstaustellung f\u00fcr Hobby- und Profik\u00fcnstler*innen aus Ilmenau und Umgebung. So sollen Talente und Kunstschaffende die Chance haben ihre Werke der \u00d6ffentlichkeit zu pr\u00e4sentieren und im entspannten Rahmenteam nuriaDas Team Nuriagemeinsam in den Dialog zu treten. Die erste NURIA Kunstaustellung besteht aus einem dreit\u00e4gigen Event und findet im neuen Festhalle Ilmenau | Kultur- und Kongresszentrum statt.","breadcrumb":{"@id":"https:\/\/nuria.kuko-ev.de\/en\/program\/#breadcrumb"},"inLanguage":"en-US","potentialAction":[{"@type":"ReadAction","target":["https:\/\/nuria.kuko-ev.de\/en\/program\/"]}]},{"@type":"BreadcrumbList","@id":"https:\/\/nuria.kuko-ev.de\/en\/program\/#breadcrumb","itemListElement":[{"@type":"ListItem","position":1,"name":"Startseite","item":"https:\/\/nuria.kuko-ev.de\/en\/home\/"},{"@type":"ListItem","position":2,"name":"program"}]},{"@type":"WebSite","@id":"https:\/\/nuria.kuko-ev.de\/en\/#website","url":"https:\/\/nuria.kuko-ev.de\/en\/","name":"NURIA Kunstausstellung","description":"Kulturelle Koordinierung e.V.","publisher":{"@id":"https:\/\/nuria.kuko-ev.de\/en\/#organization"},"potentialAction":[{"@type":"SearchAction","target":{"@type":"EntryPoint","urlTemplate":"https:\/\/nuria.kuko-ev.de\/en\/?s={search_term_string}"},"query-input":{"@type":"PropertyValueSpecification","valueRequired":true,"valueName":"search_term_string"}}],"inLanguage":"en-US"},{"@type":"Organization","@id":"https:\/\/nuria.kuko-ev.de\/en\/#organization","name":"NURIA","url":"https:\/\/nuria.kuko-ev.de\/en\/","logo":{"@type":"ImageObject","inLanguage":"en-US","@id":"https:\/\/nuria.kuko-ev.de\/en\/#\/schema\/logo\/image\/","url":"https:\/\/i1.wp.com\/nuria.kuko-ev.de\/wp-content\/uploads\/2021\/03\/cropped-cropped-NURIA-Logo-Gross.png?fit=512%2C512&ssl=1","contentUrl":"https:\/\/i1.wp.com\/nuria.kuko-ev.de\/wp-content\/uploads\/2021\/03\/cropped-cropped-NURIA-Logo-Gross.png?fit=512%2C512&ssl=1","width":512,"height":512,"caption":"NURIA"},"image":{"@id":"https:\/\/nuria.kuko-ev.de\/en\/#\/schema\/logo\/image\/"},"sameAs":["https:\/\/www.facebook.com\/NURIA-Kunstausstellung-100878755285607","https:\/\/instagram.com"]}]}},"jetpack_sharing_enabled":true,"_links":{"self":[{"href":"https:\/\/nuria.kuko-ev.de\/en\/wp-json\/wp\/v2\/pages\/1522","targetHints":{"allow":["GET"]}}],"collection":[{"href":"https:\/\/nuria.kuko-ev.de\/en\/wp-json\/wp\/v2\/pages"}],"about":[{"href":"https:\/\/nuria.kuko-ev.de\/en\/wp-json\/wp\/v2\/types\/page"}],"author":[{"embeddable":true,"href":"https:\/\/nuria.kuko-ev.de\/en\/wp-json\/wp\/v2\/users\/2"}],"replies":[{"embeddable":true,"href":"https:\/\/nuria.kuko-ev.de\/en\/wp-json\/wp\/v2\/comments?post=1522"}],"version-history":[{"count":0,"href":"https:\/\/nuria.kuko-ev.de\/en\/wp-json\/wp\/v2\/pages\/1522\/revisions"}],"wp:attachment":[{"href":"https:\/\/nuria.kuko-ev.de\/en\/wp-json\/wp\/v2\/media?parent=1522"}],"curies":[{"name":"wp","href":"https:\/\/api.w.org\/{rel}","templated":true}]}}