{"id":1104,"date":"2021-04-07T13:52:33","date_gmt":"2021-04-07T11:52:33","guid":{"rendered":"https:\/\/nuria.kuko-ev.de\/the-exhibitors\/"},"modified":"2023-02-04T12:02:26","modified_gmt":"2023-02-04T11:02:26","slug":"the-exhibitors","status":"publish","type":"page","link":"https:\/\/nuria.kuko-ev.de\/en\/the-exhibitors\/","title":{"rendered":"The exhibitors"},"content":{"rendered":"\t\t<div data-elementor-type=\"wp-page\" data-elementor-id=\"1104\" class=\"elementor elementor-1104\" data-elementor-post-type=\"page\">\n\t\t\t\t\t\t<section class=\"elementor-section elementor-top-section elementor-element elementor-element-e6301ab elementor-section-boxed elementor-section-height-default elementor-section-height-default\" data-id=\"e6301ab\" data-element_type=\"section\">\n\t\t\t\t\t\t<div class=\"elementor-container elementor-column-gap-default\">\n\t\t\t\t\t<div class=\"elementor-column elementor-col-100 elementor-top-column elementor-element elementor-element-27a1afb\" data-id=\"27a1afb\" data-element_type=\"column\">\n\t\t\t<div class=\"elementor-widget-wrap elementor-element-populated\">\n\t\t\t\t\t\t<div class=\"elementor-element elementor-element-a17eadb elementor-hidden-desktop elementor-hidden-tablet elementor-hidden-mobile elementor-widget elementor-widget-counter\" data-id=\"a17eadb\" data-element_type=\"widget\" data-widget_type=\"counter.default\">\n\t\t\t\t<div class=\"elementor-widget-container\">\n\t\t\t\t\t\t\t<div class=\"elementor-counter\">\n\t\t\t<div class=\"elementor-counter-title\">artists<\/div>\t\t\t<div class=\"elementor-counter-number-wrapper\">\n\t\t\t\t<span class=\"elementor-counter-number-prefix\"><\/span>\n\t\t\t\t<span class=\"elementor-counter-number\" data-duration=\"2000\" data-to-value=\"43\" data-from-value=\"0\" data-delimiter=\",\">0<\/span>\n\t\t\t\t<span class=\"elementor-counter-number-suffix\"><\/span>\n\t\t\t<\/div>\n\t\t<\/div>\n\t\t\t\t\t\t<\/div>\n\t\t\t\t<\/div>\n\t\t\t\t\t<\/div>\n\t\t<\/div>\n\t\t\t\t\t<\/div>\n\t\t<\/section>\n\t\t\t\t<section class=\"elementor-section elementor-top-section elementor-element elementor-element-1a955c9 elementor-section-boxed elementor-section-height-default elementor-section-height-default\" data-id=\"1a955c9\" data-element_type=\"section\">\n\t\t\t\t\t\t<div class=\"elementor-container elementor-column-gap-default\">\n\t\t\t\t\t<div class=\"elementor-column elementor-col-100 elementor-top-column elementor-element elementor-element-c01a8a4\" data-id=\"c01a8a4\" data-element_type=\"column\">\n\t\t\t<div class=\"elementor-widget-wrap elementor-element-populated\">\n\t\t\t\t\t\t<div class=\"elementor-element elementor-element-61347ad elementor-hidden-desktop elementor-hidden-tablet elementor-hidden-mobile elementor-arrows-position-inside elementor-pagination-position-outside elementor-widget elementor-widget-image-carousel\" data-id=\"61347ad\" data-element_type=\"widget\" data-settings=\"{&quot;navigation&quot;:&quot;both&quot;,&quot;autoplay&quot;:&quot;yes&quot;,&quot;pause_on_hover&quot;:&quot;yes&quot;,&quot;pause_on_interaction&quot;:&quot;yes&quot;,&quot;autoplay_speed&quot;:5000,&quot;infinite&quot;:&quot;yes&quot;,&quot;speed&quot;:500}\" data-widget_type=\"image-carousel.default\">\n\t\t\t\t<div class=\"elementor-widget-container\">\n\t\t\t\t\t\t\t<div class=\"elementor-image-carousel-wrapper swiper\" role=\"region\" aria-roledescription=\"carousel\" aria-label=\"Image Carousel\" dir=\"ltr\">\n\t\t\t<div class=\"elementor-image-carousel swiper-wrapper\" aria-live=\"off\">\n\t\t\t\t\t\t\t\t<div class=\"swiper-slide\" role=\"group\" aria-roledescription=\"slide\" aria-label=\"1 of 3\"><figure class=\"swiper-slide-inner\"><img decoding=\"async\" class=\"swiper-slide-image\" src=\"https:\/\/i0.wp.com\/nuria.kuko-ev.de\/wp-content\/uploads\/2021\/04\/Bilder-Kuenstler-scaled.jpg?resize=150%2C150&amp;ssl=1\" alt=\"Bilder K\u00fcnstler\" \/><\/figure><\/div><div class=\"swiper-slide\" role=\"group\" aria-roledescription=\"slide\" aria-label=\"2 of 3\"><figure class=\"swiper-slide-inner\"><img decoding=\"async\" class=\"swiper-slide-image\" src=\"https:\/\/i0.wp.com\/nuria.kuko-ev.de\/wp-content\/uploads\/2021\/04\/Bild3-Kuenstler-scaled.jpg?resize=150%2C150&amp;ssl=1\" alt=\"Bild3 K\u00fcnstler\" \/><\/figure><\/div><div class=\"swiper-slide\" role=\"group\" aria-roledescription=\"slide\" aria-label=\"3 of 3\"><figure class=\"swiper-slide-inner\"><img decoding=\"async\" class=\"swiper-slide-image\" src=\"https:\/\/i0.wp.com\/nuria.kuko-ev.de\/wp-content\/uploads\/2021\/04\/Bild2-Kuenstler-scaled.jpg?resize=150%2C150&amp;ssl=1\" alt=\"Bild2 K\u00fcnstler\" \/><\/figure><\/div>\t\t\t<\/div>\n\t\t\t\t\t\t\t\t\t\t\t\t<div class=\"elementor-swiper-button elementor-swiper-button-prev\" role=\"button\" tabindex=\"0\">\n\t\t\t\t\t\t<i aria-hidden=\"true\" class=\"eicon-chevron-left\"><\/i>\t\t\t\t\t<\/div>\n\t\t\t\t\t<div class=\"elementor-swiper-button elementor-swiper-button-next\" role=\"button\" tabindex=\"0\">\n\t\t\t\t\t\t<i aria-hidden=\"true\" class=\"eicon-chevron-right\"><\/i>\t\t\t\t\t<\/div>\n\t\t\t\t\n\t\t\t\t\t\t\t\t\t<div class=\"swiper-pagination\"><\/div>\n\t\t\t\t\t\t\t\t\t<\/div>\n\t\t\t\t\t\t<\/div>\n\t\t\t\t<\/div>\n\t\t\t\t\t<\/div>\n\t\t<\/div>\n\t\t\t\t\t<\/div>\n\t\t<\/section>\n\t\t\t\t<section class=\"elementor-section elementor-top-section elementor-element elementor-element-41423d2 elementor-section-boxed elementor-section-height-default elementor-section-height-default\" data-id=\"41423d2\" data-element_type=\"section\">\n\t\t\t\t\t\t<div class=\"elementor-container elementor-column-gap-default\">\n\t\t\t\t\t<div class=\"elementor-column elementor-col-100 elementor-top-column elementor-element elementor-element-9e7b3de\" data-id=\"9e7b3de\" data-element_type=\"column\">\n\t\t\t<div class=\"elementor-widget-wrap elementor-element-populated\">\n\t\t\t\t\t\t<div class=\"elementor-element elementor-element-4823aff elementor-hidden-desktop elementor-hidden-tablet elementor-hidden-mobile elementor-widget elementor-widget-text-editor\" data-id=\"4823aff\" data-element_type=\"widget\" data-widget_type=\"text-editor.default\">\n\t\t\t\t<div class=\"elementor-widget-container\">\n\t\t\t\t\t\t\t\t\t<p style=\"text-align: center;\">A total of 43 artists from all over Thuringia will be exhibiting at NURIA. <span style=\"font-size: inherit;\">A wide variety of styles and art forms are represented, from photography and painting to sculptures and video installations. <\/span><\/p>\n\t\t\t\t\t\t\t\t<\/div>\n\t\t\t\t<\/div>\n\t\t\t\t\t<\/div>\n\t\t<\/div>\n\t\t\t\t\t<\/div>\n\t\t<\/section>\n\t\t\t\t<\/div>\n\t\t","protected":false},"excerpt":{"rendered":"<p>0 artists Zur\u00fcck Weiter A total of 43 artists from all over Thuringia will be exhibiting at NURIA. A wide variety of styles and art forms are represented, from photography and painting to sculptures and video installations.<\/p>\n","protected":false},"author":1,"featured_media":0,"parent":0,"menu_order":0,"comment_status":"closed","ping_status":"closed","template":"","meta":{"_themeisle_gutenberg_block_has_review":false,"footnotes":"","_wp_rev_ctl_limit":""},"class_list":["post-1104","page","type-page","status-publish","hentry"],"yoast_head":"<!-- This site is optimized with the Yoast SEO plugin v25.5 - https:\/\/yoast.com\/wordpress\/plugins\/seo\/ -->\n<title>The exhibitors - NURIA Kunstausstellung<\/title>\n<meta name=\"description\" content=\"Das im Jahr 2020 neu gestartete Projekt NURIA, organisiert eine Kunstaustellung f\u00fcr Hobby- und Profik\u00fcnstler*innen aus Ilmenau und Umgebung. So sollen Talente und Kunstschaffende die Chance haben ihre Werke der \u00d6ffentlichkeit zu pr\u00e4sentieren und im entspannten Rahmenteam nuriaDas Team Nuriagemeinsam in den Dialog zu treten. Die erste NURIA Kunstaustellung besteht aus einem dreit\u00e4gigen Event und findet im neuen Festhalle Ilmenau | Kultur- und Kongresszentrum statt.\" \/>\n<meta name=\"robots\" content=\"index, follow, max-snippet:-1, max-image-preview:large, max-video-preview:-1\" \/>\n<link rel=\"canonical\" href=\"https:\/\/nuria.kuko-ev.de\/en\/the-exhibitors\/\" \/>\n<meta property=\"og:locale\" content=\"en_US\" \/>\n<meta property=\"og:type\" content=\"article\" \/>\n<meta property=\"og:title\" content=\"The exhibitors - NURIA Kunstausstellung\" \/>\n<meta property=\"og:description\" content=\"Das im Jahr 2020 neu gestartete Projekt NURIA, organisiert eine Kunstaustellung f\u00fcr Hobby- und Profik\u00fcnstler*innen aus Ilmenau und Umgebung. So sollen Talente und Kunstschaffende die Chance haben ihre Werke der \u00d6ffentlichkeit zu pr\u00e4sentieren und im entspannten Rahmenteam nuriaDas Team Nuriagemeinsam in den Dialog zu treten. Die erste NURIA Kunstaustellung besteht aus einem dreit\u00e4gigen Event und findet im neuen Festhalle Ilmenau | Kultur- und Kongresszentrum statt.\" \/>\n<meta property=\"og:url\" content=\"https:\/\/nuria.kuko-ev.de\/en\/the-exhibitors\/\" \/>\n<meta property=\"og:site_name\" content=\"NURIA Kunstausstellung\" \/>\n<meta property=\"article:publisher\" content=\"https:\/\/www.facebook.com\/NURIA-Kunstausstellung-100878755285607\" \/>\n<meta property=\"article:modified_time\" content=\"2023-02-04T11:02:26+00:00\" \/>\n<meta property=\"og:image\" content=\"https:\/\/nuria.kuko-ev.de\/wp-content\/uploads\/2021\/04\/Bilder-Kuenstler-150x150.jpg\" \/>\n<meta name=\"twitter:card\" content=\"summary_large_image\" \/>\n<script type=\"application\/ld+json\" class=\"yoast-schema-graph\">{\"@context\":\"https:\/\/schema.org\",\"@graph\":[{\"@type\":\"WebPage\",\"@id\":\"https:\/\/nuria.kuko-ev.de\/en\/the-exhibitors\/\",\"url\":\"https:\/\/nuria.kuko-ev.de\/en\/the-exhibitors\/\",\"name\":\"The exhibitors - NURIA Kunstausstellung\",\"isPartOf\":{\"@id\":\"https:\/\/nuria.kuko-ev.de\/en\/#website\"},\"primaryImageOfPage\":{\"@id\":\"https:\/\/nuria.kuko-ev.de\/en\/the-exhibitors\/#primaryimage\"},\"image\":{\"@id\":\"https:\/\/nuria.kuko-ev.de\/en\/the-exhibitors\/#primaryimage\"},\"thumbnailUrl\":\"https:\/\/nuria.kuko-ev.de\/wp-content\/uploads\/2021\/04\/Bilder-Kuenstler-150x150.jpg\",\"datePublished\":\"2021-04-07T11:52:33+00:00\",\"dateModified\":\"2023-02-04T11:02:26+00:00\",\"description\":\"Das im Jahr 2020 neu gestartete Projekt NURIA, organisiert eine Kunstaustellung f\u00fcr Hobby- und Profik\u00fcnstler*innen aus Ilmenau und Umgebung. So sollen Talente und Kunstschaffende die Chance haben ihre Werke der \u00d6ffentlichkeit zu pr\u00e4sentieren und im entspannten Rahmenteam nuriaDas Team Nuriagemeinsam in den Dialog zu treten. Die erste NURIA Kunstaustellung besteht aus einem dreit\u00e4gigen Event und findet im neuen Festhalle Ilmenau | Kultur- und Kongresszentrum statt.\",\"breadcrumb\":{\"@id\":\"https:\/\/nuria.kuko-ev.de\/en\/the-exhibitors\/#breadcrumb\"},\"inLanguage\":\"en-US\",\"potentialAction\":[{\"@type\":\"ReadAction\",\"target\":[\"https:\/\/nuria.kuko-ev.de\/en\/the-exhibitors\/\"]}]},{\"@type\":\"ImageObject\",\"inLanguage\":\"en-US\",\"@id\":\"https:\/\/nuria.kuko-ev.de\/en\/the-exhibitors\/#primaryimage\",\"url\":\"https:\/\/nuria.kuko-ev.de\/wp-content\/uploads\/2021\/04\/Bilder-Kuenstler-150x150.jpg\",\"contentUrl\":\"https:\/\/nuria.kuko-ev.de\/wp-content\/uploads\/2021\/04\/Bilder-Kuenstler-150x150.jpg\"},{\"@type\":\"BreadcrumbList\",\"@id\":\"https:\/\/nuria.kuko-ev.de\/en\/the-exhibitors\/#breadcrumb\",\"itemListElement\":[{\"@type\":\"ListItem\",\"position\":1,\"name\":\"Startseite\",\"item\":\"https:\/\/nuria.kuko-ev.de\/en\/home\/\"},{\"@type\":\"ListItem\",\"position\":2,\"name\":\"The exhibitors\"}]},{\"@type\":\"WebSite\",\"@id\":\"https:\/\/nuria.kuko-ev.de\/en\/#website\",\"url\":\"https:\/\/nuria.kuko-ev.de\/en\/\",\"name\":\"NURIA Kunstausstellung\",\"description\":\"Kulturelle Koordinierung e.V.\",\"publisher\":{\"@id\":\"https:\/\/nuria.kuko-ev.de\/en\/#organization\"},\"potentialAction\":[{\"@type\":\"SearchAction\",\"target\":{\"@type\":\"EntryPoint\",\"urlTemplate\":\"https:\/\/nuria.kuko-ev.de\/en\/?s={search_term_string}\"},\"query-input\":{\"@type\":\"PropertyValueSpecification\",\"valueRequired\":true,\"valueName\":\"search_term_string\"}}],\"inLanguage\":\"en-US\"},{\"@type\":\"Organization\",\"@id\":\"https:\/\/nuria.kuko-ev.de\/en\/#organization\",\"name\":\"NURIA\",\"url\":\"https:\/\/nuria.kuko-ev.de\/en\/\",\"logo\":{\"@type\":\"ImageObject\",\"inLanguage\":\"en-US\",\"@id\":\"https:\/\/nuria.kuko-ev.de\/en\/#\/schema\/logo\/image\/\",\"url\":\"https:\/\/i1.wp.com\/nuria.kuko-ev.de\/wp-content\/uploads\/2021\/03\/cropped-cropped-NURIA-Logo-Gross.png?fit=512%2C512&ssl=1\",\"contentUrl\":\"https:\/\/i1.wp.com\/nuria.kuko-ev.de\/wp-content\/uploads\/2021\/03\/cropped-cropped-NURIA-Logo-Gross.png?fit=512%2C512&ssl=1\",\"width\":512,\"height\":512,\"caption\":\"NURIA\"},\"image\":{\"@id\":\"https:\/\/nuria.kuko-ev.de\/en\/#\/schema\/logo\/image\/\"},\"sameAs\":[\"https:\/\/www.facebook.com\/NURIA-Kunstausstellung-100878755285607\",\"https:\/\/instagram.com\"]}]}<\/script>\n<!-- \/ Yoast SEO plugin. -->","yoast_head_json":{"title":"The exhibitors - NURIA Kunstausstellung","description":"Das im Jahr 2020 neu gestartete Projekt NURIA, organisiert eine Kunstaustellung f\u00fcr Hobby- und Profik\u00fcnstler*innen aus Ilmenau und Umgebung. So sollen Talente und Kunstschaffende die Chance haben ihre Werke der \u00d6ffentlichkeit zu pr\u00e4sentieren und im entspannten Rahmenteam nuriaDas Team Nuriagemeinsam in den Dialog zu treten. Die erste NURIA Kunstaustellung besteht aus einem dreit\u00e4gigen Event und findet im neuen Festhalle Ilmenau | Kultur- und Kongresszentrum statt.","robots":{"index":"index","follow":"follow","max-snippet":"max-snippet:-1","max-image-preview":"max-image-preview:large","max-video-preview":"max-video-preview:-1"},"canonical":"https:\/\/nuria.kuko-ev.de\/en\/the-exhibitors\/","og_locale":"en_US","og_type":"article","og_title":"The exhibitors - NURIA Kunstausstellung","og_description":"Das im Jahr 2020 neu gestartete Projekt NURIA, organisiert eine Kunstaustellung f\u00fcr Hobby- und Profik\u00fcnstler*innen aus Ilmenau und Umgebung. So sollen Talente und Kunstschaffende die Chance haben ihre Werke der \u00d6ffentlichkeit zu pr\u00e4sentieren und im entspannten Rahmenteam nuriaDas Team Nuriagemeinsam in den Dialog zu treten. Die erste NURIA Kunstaustellung besteht aus einem dreit\u00e4gigen Event und findet im neuen Festhalle Ilmenau | Kultur- und Kongresszentrum statt.","og_url":"https:\/\/nuria.kuko-ev.de\/en\/the-exhibitors\/","og_site_name":"NURIA Kunstausstellung","article_publisher":"https:\/\/www.facebook.com\/NURIA-Kunstausstellung-100878755285607","article_modified_time":"2023-02-04T11:02:26+00:00","og_image":[{"url":"https:\/\/nuria.kuko-ev.de\/wp-content\/uploads\/2021\/04\/Bilder-Kuenstler-150x150.jpg","type":"","width":"","height":""}],"twitter_card":"summary_large_image","schema":{"@context":"https:\/\/schema.org","@graph":[{"@type":"WebPage","@id":"https:\/\/nuria.kuko-ev.de\/en\/the-exhibitors\/","url":"https:\/\/nuria.kuko-ev.de\/en\/the-exhibitors\/","name":"The exhibitors - NURIA Kunstausstellung","isPartOf":{"@id":"https:\/\/nuria.kuko-ev.de\/en\/#website"},"primaryImageOfPage":{"@id":"https:\/\/nuria.kuko-ev.de\/en\/the-exhibitors\/#primaryimage"},"image":{"@id":"https:\/\/nuria.kuko-ev.de\/en\/the-exhibitors\/#primaryimage"},"thumbnailUrl":"https:\/\/nuria.kuko-ev.de\/wp-content\/uploads\/2021\/04\/Bilder-Kuenstler-150x150.jpg","datePublished":"2021-04-07T11:52:33+00:00","dateModified":"2023-02-04T11:02:26+00:00","description":"Das im Jahr 2020 neu gestartete Projekt NURIA, organisiert eine Kunstaustellung f\u00fcr Hobby- und Profik\u00fcnstler*innen aus Ilmenau und Umgebung. So sollen Talente und Kunstschaffende die Chance haben ihre Werke der \u00d6ffentlichkeit zu pr\u00e4sentieren und im entspannten Rahmenteam nuriaDas Team Nuriagemeinsam in den Dialog zu treten. Die erste NURIA Kunstaustellung besteht aus einem dreit\u00e4gigen Event und findet im neuen Festhalle Ilmenau | Kultur- und Kongresszentrum statt.","breadcrumb":{"@id":"https:\/\/nuria.kuko-ev.de\/en\/the-exhibitors\/#breadcrumb"},"inLanguage":"en-US","potentialAction":[{"@type":"ReadAction","target":["https:\/\/nuria.kuko-ev.de\/en\/the-exhibitors\/"]}]},{"@type":"ImageObject","inLanguage":"en-US","@id":"https:\/\/nuria.kuko-ev.de\/en\/the-exhibitors\/#primaryimage","url":"https:\/\/nuria.kuko-ev.de\/wp-content\/uploads\/2021\/04\/Bilder-Kuenstler-150x150.jpg","contentUrl":"https:\/\/nuria.kuko-ev.de\/wp-content\/uploads\/2021\/04\/Bilder-Kuenstler-150x150.jpg"},{"@type":"BreadcrumbList","@id":"https:\/\/nuria.kuko-ev.de\/en\/the-exhibitors\/#breadcrumb","itemListElement":[{"@type":"ListItem","position":1,"name":"Startseite","item":"https:\/\/nuria.kuko-ev.de\/en\/home\/"},{"@type":"ListItem","position":2,"name":"The exhibitors"}]},{"@type":"WebSite","@id":"https:\/\/nuria.kuko-ev.de\/en\/#website","url":"https:\/\/nuria.kuko-ev.de\/en\/","name":"NURIA Kunstausstellung","description":"Kulturelle Koordinierung e.V.","publisher":{"@id":"https:\/\/nuria.kuko-ev.de\/en\/#organization"},"potentialAction":[{"@type":"SearchAction","target":{"@type":"EntryPoint","urlTemplate":"https:\/\/nuria.kuko-ev.de\/en\/?s={search_term_string}"},"query-input":{"@type":"PropertyValueSpecification","valueRequired":true,"valueName":"search_term_string"}}],"inLanguage":"en-US"},{"@type":"Organization","@id":"https:\/\/nuria.kuko-ev.de\/en\/#organization","name":"NURIA","url":"https:\/\/nuria.kuko-ev.de\/en\/","logo":{"@type":"ImageObject","inLanguage":"en-US","@id":"https:\/\/nuria.kuko-ev.de\/en\/#\/schema\/logo\/image\/","url":"https:\/\/i1.wp.com\/nuria.kuko-ev.de\/wp-content\/uploads\/2021\/03\/cropped-cropped-NURIA-Logo-Gross.png?fit=512%2C512&ssl=1","contentUrl":"https:\/\/i1.wp.com\/nuria.kuko-ev.de\/wp-content\/uploads\/2021\/03\/cropped-cropped-NURIA-Logo-Gross.png?fit=512%2C512&ssl=1","width":512,"height":512,"caption":"NURIA"},"image":{"@id":"https:\/\/nuria.kuko-ev.de\/en\/#\/schema\/logo\/image\/"},"sameAs":["https:\/\/www.facebook.com\/NURIA-Kunstausstellung-100878755285607","https:\/\/instagram.com"]}]}},"jetpack_sharing_enabled":true,"_links":{"self":[{"href":"https:\/\/nuria.kuko-ev.de\/en\/wp-json\/wp\/v2\/pages\/1104","targetHints":{"allow":["GET"]}}],"collection":[{"href":"https:\/\/nuria.kuko-ev.de\/en\/wp-json\/wp\/v2\/pages"}],"about":[{"href":"https:\/\/nuria.kuko-ev.de\/en\/wp-json\/wp\/v2\/types\/page"}],"author":[{"embeddable":true,"href":"https:\/\/nuria.kuko-ev.de\/en\/wp-json\/wp\/v2\/users\/1"}],"replies":[{"embeddable":true,"href":"https:\/\/nuria.kuko-ev.de\/en\/wp-json\/wp\/v2\/comments?post=1104"}],"version-history":[{"count":0,"href":"https:\/\/nuria.kuko-ev.de\/en\/wp-json\/wp\/v2\/pages\/1104\/revisions"}],"wp:attachment":[{"href":"https:\/\/nuria.kuko-ev.de\/en\/wp-json\/wp\/v2\/media?parent=1104"}],"curies":[{"name":"wp","href":"https:\/\/api.w.org\/{rel}","templated":true}]}}